{"id":2976,"date":"2025-12-22T13:32:20","date_gmt":"2025-12-22T13:32:20","guid":{"rendered":"https:\/\/crewmedya.tr\/avasya2\/?page_id=2976"},"modified":"2026-01-05T10:44:42","modified_gmt":"2026-01-05T10:44:42","slug":"backup-solutions","status":"publish","type":"page","link":"https:\/\/avasya.com.tr\/en\/hizmetlerimiz\/yedekleme-cozumleri\/","title":{"rendered":"Backup Solutions"},"content":{"rendered":"<div data-elementor-type=\"wp-page\" data-elementor-id=\"2976\" class=\"elementor elementor-2976\" data-elementor-post-type=\"page\">\n\t\t\t\t<div class=\"elementor-element elementor-element-0112111 thegem-e-con-layout-thegem e-flex e-con-boxed e-con e-parent\" data-id=\"0112111\" data-element_type=\"container\" data-settings=\"{&quot;background_background&quot;:&quot;classic&quot;,&quot;thegem_container_layout&quot;:&quot;thegem&quot;}\">\r\n\t\t\t\t\t<div class=\"e-con-inner\">\r\n\t\t<div class=\"elementor-element elementor-element-d2e7e60 e-con-full animated-fast thegem-e-con-layout-thegem e-flex elementor-invisible e-con e-child\" data-id=\"d2e7e60\" data-element_type=\"container\" data-settings=\"{&quot;animation&quot;:&quot;zoomIn&quot;,&quot;thegem_container_layout&quot;:&quot;thegem&quot;}\">\r\n\t\t\t\t<div class=\"elementor-element elementor-element-316fa5c elementor-absolute flex-horizontal-align-default flex-horizontal-align-tablet-default flex-horizontal-align-mobile-default flex-vertical-align-default flex-vertical-align-tablet-default flex-vertical-align-mobile-default elementor-widget elementor-widget-thegem-styledimage\" data-id=\"316fa5c\" data-element_type=\"widget\" data-settings=\"{&quot;image&quot;:{&quot;url&quot;:&quot;https:\\\/\\\/avasya.com.tr\\\/wp-content\\\/uploads\\\/2026\\\/01\\\/dots.png&quot;,&quot;id&quot;:3828,&quot;size&quot;:&quot;&quot;,&quot;alt&quot;:&quot;&quot;,&quot;source&quot;:&quot;library&quot;},&quot;_position&quot;:&quot;absolute&quot;,&quot;thegem_elementor_preset&quot;:&quot;default&quot;,&quot;image_position&quot;:&quot;left&quot;}\" data-widget_type=\"thegem-styledimage.default\">\n\t\t\t\t<div class=\"elementor-widget-container\">\n\t\t\t\t\t\n<div class=\"styled-image-wrapper\">\n\t\t\t<div class=\"gem-image gem-wrapbox gem-wrapbox-default gem-wrapbox-position-left\">\n\t\t\t<div class=\"gem-wrapbox-inner\" >\n\t\t\t\t\t\t\t\t\t<img class=\"gem-wrapbox-element img-responsive\"\n\t\t\t\t\t\t src=\"https:\/\/avasya.com.tr\/wp-content\/uploads\/2026\/01\/dots.png\"\n\t\t\t\t\t\t alt=\"dots\">\n\t\t\t\t\t\t\t\t<\/div>\n\t\t<\/div>\n\t\t<\/div>\n\n\n\t\n\t\t\t\t\t\t<\/div>\n\t\t\t\t<\/div>\n\t\t<div class=\"elementor-element elementor-element-0d20bbd e-con-full thegem-e-con-layout-thegem e-flex e-con e-child\" data-id=\"0d20bbd\" data-element_type=\"container\" data-settings=\"{&quot;thegem_container_layout&quot;:&quot;thegem&quot;}\">\r\n\t\t\t\t<div class=\"elementor-element elementor-element-6b9f2aa flex-horizontal-align-default flex-horizontal-align-tablet-default flex-horizontal-align-mobile-default flex-vertical-align-default flex-vertical-align-tablet-default flex-vertical-align-mobile-default elementor-widget elementor-widget-thegem-animated-heading\" data-id=\"6b9f2aa\" data-element_type=\"widget\" data-widget_type=\"thegem-animated-heading.default\">\n\t\t\t\t<div class=\"elementor-widget-container\">\n\t\t\t\t\t<div class=\"thegem-heading thegem-animated-heading text-body\" id=\"thegem-heading-6b9f2aa\"><span class=\"colored\" style=\"color: #AAAEB2;\">Backup is a crucial component of business continuity and, consequently, disaster recovery scenarios. The importance of backup is increasing daily, as damage to stored data can cause problems in organizations&#039; operational processes. Failure to back up data that is vital to organizations poses a significant risk.<br \/>\n<br \/>\nTherefore, backup systems should be established in organizations, and backup tasks should be monitored daily. To ensure the backup policy is implemented effectively, a detailed analysis should be conducted, and a backup plan should be developed to maintain the policy smoothly.<\/span> <\/div><style type=\"text\/css\">#thegem-heading-6b9f2aa {margin: 0;}<\/style>\t\t\t\t<\/div>\n\t\t\t\t<\/div>\n\t\t\t\t<\/div>\n\t\t<div class=\"elementor-element elementor-element-8dd4a9d e-con-full thegem-e-con-layout-thegem e-flex e-con e-child\" data-id=\"8dd4a9d\" data-element_type=\"container\" data-settings=\"{&quot;thegem_container_layout&quot;:&quot;thegem&quot;}\">\r\n\t\t\t\t<div class=\"elementor-element elementor-element-02bf9bc flex-horizontal-align-default flex-horizontal-align-tablet-default flex-horizontal-align-mobile-default flex-vertical-align-default flex-vertical-align-tablet-default flex-vertical-align-mobile-default elementor-widget elementor-widget-thegem-styledimage\" data-id=\"02bf9bc\" data-element_type=\"widget\" data-settings=\"{&quot;image&quot;:{&quot;url&quot;:&quot;https:\\\/\\\/avasya.com.tr\\\/wp-content\\\/uploads\\\/2026\\\/01\\\/avasya-170px-yedekleme-v3.webp&quot;,&quot;id&quot;:3773,&quot;size&quot;:&quot;&quot;,&quot;alt&quot;:&quot;&quot;,&quot;source&quot;:&quot;library&quot;},&quot;thegem_elementor_preset&quot;:&quot;default&quot;,&quot;image_position&quot;:&quot;left&quot;}\" data-widget_type=\"thegem-styledimage.default\">\n\t\t\t\t<div class=\"elementor-widget-container\">\n\t\t\t\t\t\n<div class=\"styled-image-wrapper\">\n\t\t\t<div class=\"gem-image gem-wrapbox gem-wrapbox-default gem-wrapbox-position-left\">\n\t\t\t<div class=\"gem-wrapbox-inner\" >\n\t\t\t\t\t\t\t\t\t<img class=\"gem-wrapbox-element img-responsive\"\n\t\t\t\t\t\t src=\"https:\/\/avasya.com.tr\/wp-content\/uploads\/2026\/01\/avasya-170px-yedekleme-v3.webp\"\n\t\t\t\t\t\t alt=\"avasya-170px-backup-v3\">\n\t\t\t\t\t\t\t\t<\/div>\n\t\t<\/div>\n\t\t<\/div>\n\n\n\t\n\t\t\t\t\t\t<\/div>\n\t\t\t\t<\/div>\n\t\t\t\t<\/div>\n\t\t\t\t<\/div>\n\t\t\t\t\t<\/div>\n\t\t\t\t<\/div>\n\t\t\t\t<\/div>","protected":false},"excerpt":{"rendered":"<p>Yedekleme; i\u015f s\u00fcreklili\u011finin dolay\u0131s\u0131yla felaket kurtarma senaryolar\u0131n\u0131n en \u00f6nemli par\u00e7as\u0131d\u0131r. Depolanan verilerin, zarar g\u00f6rmesi, kurumlar\u0131n \u00e7al\u0131\u015fma s\u00fcre\u00e7lerinde problemlere neden olabilece\u011fi&#8230;<\/p>","protected":false},"author":1,"featured_media":177,"parent":63,"menu_order":0,"comment_status":"closed","ping_status":"closed","template":"page-fullwidth.php","meta":{"footnotes":""},"class_list":["post-2976","page","type-page","status-publish","has-post-thumbnail"],"_links":{"self":[{"href":"https:\/\/avasya.com.tr\/en\/wp-json\/wp\/v2\/pages\/2976","targetHints":{"allow":["GET"]}}],"collection":[{"href":"https:\/\/avasya.com.tr\/en\/wp-json\/wp\/v2\/pages"}],"about":[{"href":"https:\/\/avasya.com.tr\/en\/wp-json\/wp\/v2\/types\/page"}],"author":[{"embeddable":true,"href":"https:\/\/avasya.com.tr\/en\/wp-json\/wp\/v2\/users\/1"}],"replies":[{"embeddable":true,"href":"https:\/\/avasya.com.tr\/en\/wp-json\/wp\/v2\/comments?post=2976"}],"version-history":[{"count":17,"href":"https:\/\/avasya.com.tr\/en\/wp-json\/wp\/v2\/pages\/2976\/revisions"}],"predecessor-version":[{"id":3892,"href":"https:\/\/avasya.com.tr\/en\/wp-json\/wp\/v2\/pages\/2976\/revisions\/3892"}],"up":[{"embeddable":true,"href":"https:\/\/avasya.com.tr\/en\/wp-json\/wp\/v2\/pages\/63"}],"wp:featuredmedia":[{"embeddable":true,"href":"https:\/\/avasya.com.tr\/en\/wp-json\/wp\/v2\/media\/177"}],"wp:attachment":[{"href":"https:\/\/avasya.com.tr\/en\/wp-json\/wp\/v2\/media?parent=2976"}],"curies":[{"name":"wp","href":"https:\/\/api.w.org\/{rel}","templated":true}]}}