{"id":4209,"date":"2026-01-13T08:18:44","date_gmt":"2026-01-13T08:18:44","guid":{"rendered":"https:\/\/avasya.com.tr\/?page_id=4209"},"modified":"2026-01-22T12:36:55","modified_gmt":"2026-01-22T12:36:55","slug":"artificial-intelligence-and-advanced-data-analytics-solutions","status":"publish","type":"page","link":"https:\/\/avasya.com.tr\/en\/hizmetlerimiz\/yapay-zeka-ve-gelismis-veri-analitigi-cozumleri\/","title":{"rendered":"Artificial Intelligence and Advanced Data Analytics Solutions"},"content":{"rendered":"<div data-elementor-type=\"wp-page\" data-elementor-id=\"4209\" class=\"elementor elementor-4209\" data-elementor-post-type=\"page\">\n\t\t\t\t<div class=\"elementor-element elementor-element-60229a2 e-con-full thegem-e-con-layout-thegem e-flex e-con e-parent\" data-id=\"60229a2\" data-element_type=\"container\" data-settings=\"{&quot;thegem_container_layout&quot;:&quot;thegem&quot;}\">\r\n\t\t<div class=\"elementor-element elementor-element-b931c72 e-con-full thegem-e-con-layout-thegem e-flex e-con e-child\" data-id=\"b931c72\" data-element_type=\"container\" data-settings=\"{&quot;thegem_container_layout&quot;:&quot;thegem&quot;}\">\r\n\t\t<div class=\"elementor-element elementor-element-43c5f50 e-con-full thegem-e-con-layout-thegem e-flex e-con e-child\" data-id=\"43c5f50\" data-element_type=\"container\" data-settings=\"{&quot;thegem_container_layout&quot;:&quot;thegem&quot;}\">\r\n\t\t<div class=\"elementor-element elementor-element-2080e2e thegem-e-con-layout-thegem e-flex e-con-boxed e-con e-child\" data-id=\"2080e2e\" data-element_type=\"container\" data-settings=\"{&quot;background_background&quot;:&quot;classic&quot;,&quot;thegem_container_layout&quot;:&quot;thegem&quot;}\">\r\n\t\t\t\t\t<div class=\"e-con-inner\">\r\n\t\t<div class=\"elementor-element elementor-element-5e4db1c thegem-e-con-layout-thegem e-flex e-con-boxed e-con e-child\" data-id=\"5e4db1c\" data-element_type=\"container\" data-settings=\"{&quot;thegem_container_layout&quot;:&quot;thegem&quot;}\">\r\n\t\t\t\t\t<div class=\"e-con-inner\">\r\n\t\t\t\t<div class=\"elementor-element elementor-element-ac09923 elementor-widget__width-initial elementor-widget-tablet_extra__width-inherit flex-horizontal-align-default flex-horizontal-align-tablet-default flex-horizontal-align-mobile-default flex-vertical-align-default flex-vertical-align-tablet-default flex-vertical-align-mobile-default elementor-widget elementor-widget-text-editor\" data-id=\"ac09923\" data-element_type=\"widget\" data-widget_type=\"text-editor.default\">\n\t\t\t\t\t\t\t\t\t\t\t\t<div class=\"elementor-text-editor elementor-clearfix\">\r\n\t\t\t\t\t\t<p>In the new phase of digital transformation, the competitive advantage for organizations lies not just in possessing data, but in using that data effectively. <strong>scalable, secure and sustainable artificial intelligence solutions<\/strong> This has become possible through transformation. Our Artificial Intelligence and Advanced Data Analytics Solutions services aim to help organizations create end-to-end, enterprise-scale AI ecosystems that are aligned with their strategic goals.<\/p>\t\t\t\t\t\t\t<\/div>\r\n\t\t\t\t\t\t\t\t\t\t<\/div>\n\t\t<div class=\"elementor-element elementor-element-31a5d55 e-con-full animated-fast thegem-e-con-layout-thegem e-flex elementor-invisible e-con e-child\" data-id=\"31a5d55\" data-element_type=\"container\" data-settings=\"{&quot;animation&quot;:&quot;zoomIn&quot;,&quot;thegem_container_layout&quot;:&quot;thegem&quot;}\">\r\n\t\t\t\t<div class=\"elementor-element elementor-element-72da7f5 elementor-absolute flex-horizontal-align-default flex-horizontal-align-tablet-default flex-horizontal-align-mobile-default flex-vertical-align-default flex-vertical-align-tablet-default flex-vertical-align-mobile-default elementor-widget elementor-widget-thegem-styledimage\" data-id=\"72da7f5\" data-element_type=\"widget\" data-settings=\"{&quot;image&quot;:{&quot;url&quot;:&quot;https:\\\/\\\/avasya.com.tr\\\/wp-content\\\/uploads\\\/2026\\\/01\\\/dots.png&quot;,&quot;id&quot;:3828,&quot;size&quot;:&quot;&quot;,&quot;alt&quot;:&quot;&quot;,&quot;source&quot;:&quot;library&quot;},&quot;_position&quot;:&quot;absolute&quot;,&quot;thegem_elementor_preset&quot;:&quot;default&quot;,&quot;image_position&quot;:&quot;left&quot;}\" data-widget_type=\"thegem-styledimage.default\">\n\t\t\t\t<div class=\"elementor-widget-container\">\n\t\t\t\t\t\n<div class=\"styled-image-wrapper\">\n\t\t\t<div class=\"gem-image gem-wrapbox gem-wrapbox-default gem-wrapbox-position-left\">\n\t\t\t<div class=\"gem-wrapbox-inner\" >\n\t\t\t\t\t\t\t\t\t<img class=\"gem-wrapbox-element img-responsive\"\n\t\t\t\t\t\t src=\"https:\/\/avasya.com.tr\/wp-content\/uploads\/2026\/01\/dots.png\"\n\t\t\t\t\t\t alt=\"dots\">\n\t\t\t\t\t\t\t\t<\/div>\n\t\t<\/div>\n\t\t<\/div>\n\n\n\t\n\t\t\t\t\t\t<\/div>\n\t\t\t\t<\/div>\n\t\t<div class=\"elementor-element elementor-element-7684904 e-con-full thegem-e-con-layout-thegem e-flex e-con e-child\" data-id=\"7684904\" data-element_type=\"container\" data-settings=\"{&quot;thegem_container_layout&quot;:&quot;thegem&quot;}\">\r\n\t\t\t\t<div class=\"elementor-element elementor-element-36f9666 flex-horizontal-align-default flex-horizontal-align-tablet-default flex-horizontal-align-mobile-default flex-vertical-align-default flex-vertical-align-tablet-default flex-vertical-align-mobile-default elementor-widget elementor-widget-thegem-styledimage\" data-id=\"36f9666\" data-element_type=\"widget\" data-settings=\"{&quot;image&quot;:{&quot;url&quot;:&quot;https:\\\/\\\/avasya.com.tr\\\/wp-content\\\/uploads\\\/2026\\\/01\\\/avasya-Yapay-Zeka-ve-Gelismis-Veri-Analitigi-Cozumleri-170px.webp&quot;,&quot;id&quot;:4225,&quot;size&quot;:&quot;&quot;,&quot;alt&quot;:&quot;&quot;,&quot;source&quot;:&quot;library&quot;},&quot;thegem_elementor_preset&quot;:&quot;default&quot;,&quot;image_position&quot;:&quot;left&quot;}\" data-widget_type=\"thegem-styledimage.default\">\n\t\t\t\t<div class=\"elementor-widget-container\">\n\t\t\t\t\t\n<div class=\"styled-image-wrapper\">\n\t\t\t<div class=\"gem-image gem-wrapbox gem-wrapbox-default gem-wrapbox-position-left\">\n\t\t\t<div class=\"gem-wrapbox-inner\" >\n\t\t\t\t\t\t\t\t\t<img class=\"gem-wrapbox-element img-responsive\"\n\t\t\t\t\t\t src=\"https:\/\/avasya.com.tr\/wp-content\/uploads\/2026\/01\/avasya-Yapay-Zeka-ve-Gelismis-Veri-Analitigi-Cozumleri-170px.webp\"\n\t\t\t\t\t\t alt=\"avasya - Artificial Intelligence and Advanced Data Analytics Solutions - 170px\">\n\t\t\t\t\t\t\t\t<\/div>\n\t\t<\/div>\n\t\t<\/div>\n\n\n\t\n\t\t\t\t\t\t<\/div>\n\t\t\t\t<\/div>\n\t\t\t\t<\/div>\n\t\t\t\t<\/div>\n\t\t\t\t\t<\/div>\n\t\t\t\t<\/div>\n\t\t<div class=\"elementor-element elementor-element-aa8ae15 e-con-full thegem-e-con-layout-thegem e-flex e-con e-child\" data-id=\"aa8ae15\" data-element_type=\"container\" data-settings=\"{&quot;thegem_container_layout&quot;:&quot;thegem&quot;}\">\r\n\t\t\t\t<div class=\"elementor-element elementor-element-858fef1 flex-horizontal-align-default flex-horizontal-align-tablet-default flex-horizontal-align-mobile-default flex-vertical-align-default flex-vertical-align-tablet-default flex-vertical-align-mobile-default elementor-widget elementor-widget-text-editor\" data-id=\"858fef1\" data-element_type=\"widget\" data-widget_type=\"text-editor.default\">\n\t\t\t\t\t\t\t\t\t\t\t\t<div class=\"elementor-text-editor elementor-clearfix\">\r\n\t\t\t\t\t\t<p>Our approach as a systems integrator is not limited to simply providing technology; <strong>AI platforms that generate business value<\/strong> It focuses on building. Within this scope, we offer... <strong>Enterprise Artificial Intelligence Platforms<\/strong>, It creates a shared, secure, and controlled working environment among data scientists, software teams, and business units. Critical requirements such as centralized management, data security, model governance, and regulatory compliance form the fundamental building blocks of these platforms.<\/p><p><strong>Our Artificial Intelligence Production Line Approach<\/strong>, This transforms artificial intelligence from individual, isolated projects into an enterprise-level production model. Data collection, model development, testing, deployment, and lifecycle management processes are standardized. Thanks to this structure, organizations can significantly shorten the time from the idea stage to the live environment, while managing costs, operational risks, and resource utilization more effectively.<\/p><p>This architecture is fundamental to... <strong>GPU Infrastructure Solutions<\/strong>, It is specifically optimized for high-performance computing (HPC), large language models (LLM), image processing, and advanced analytics scenarios. The right GPU selection, scalable architecture design, high-speed network infrastructure, and data placement are critical for performance, return on investment (ROI), and operational sustainability. Organizations must... <strong>on-site (on-prem)<\/strong>, whether...or <strong>hybrid<\/strong>, whether...or <strong>private cloud<\/strong> We enable them to build the most suitable GPU infrastructure in their architectures.<\/p><p><strong>Our Productive AI Solutions<\/strong>; It provides measurable efficiency improvements in customer experience, internal operations, sales, marketing, and decision support processes. It utilizes productive artificial intelligence with large language models specifically trained for the organization, secure information access, intelligent assistants fed by internal data, and automation scenarios. <strong>controlled, safe and sustainable<\/strong> We are implementing it in this way.<\/p><p>This ensures the continuity of the entire structure. <strong>MLOps \/ AIOps Platforms<\/strong> Thanks to this, model performance is continuously monitored, versioning is managed, automated retraining processes are carried out, and operational risks are minimized. Thus, artificial intelligence investments yield returns not only in the short term, but also in the long term., <strong>generating lasting value in the long term<\/strong> is secured.<\/p><p>In conclusion, our Artificial Intelligence and Advanced Data Analytics Solutions services focus on helping organizations transform artificial intelligence into a strategic capability, accelerate decision-making processes, and sustainably strengthen their competitive advantage. We view artificial intelligence not as a technology project; <strong>a corporate competency positioned at the heart of business transformation<\/strong> We consider it as such.<\/p>\t\t\t\t\t\t\t<\/div>\r\n\t\t\t\t\t\t\t\t\t\t<\/div>\n\t\t\t\t<\/div>\n\t\t\t\t\t<\/div>\n\t\t\t\t<\/div>\n\t\t\t\t<\/div>\n\t\t<div class=\"elementor-element elementor-element-2ef5ec4 e-con-full thegem-e-con-layout-thegem e-flex e-con e-child\" data-id=\"2ef5ec4\" data-element_type=\"container\" data-settings=\"{&quot;thegem_container_layout&quot;:&quot;thegem&quot;}\">\r\n\t\t<div class=\"elementor-element elementor-element-399d60d e-con-full thegem-e-con-layout-thegem e-flex e-con e-child\" data-id=\"399d60d\" data-element_type=\"container\" data-settings=\"{&quot;thegem_container_layout&quot;:&quot;thegem&quot;}\">\r\n\t\t\t\t<div class=\"elementor-element elementor-element-6b4061b flex-horizontal-align-default flex-horizontal-align-tablet-default flex-horizontal-align-mobile-default flex-vertical-align-default flex-vertical-align-tablet-default flex-vertical-align-mobile-default elementor-widget elementor-widget-heading\" data-id=\"6b4061b\" data-element_type=\"widget\" data-widget_type=\"heading.default\">\n\t\t\t\t\t<h2 class=\"elementor-heading-title elementor-size-default\">Have you checked out our other services?<\/h2>\t\t\t\t<\/div>\n\t\t\t\t<div class=\"elementor-element elementor-element-9b47d10 flex-horizontal-align-default flex-horizontal-align-tablet-default flex-horizontal-align-mobile-default flex-vertical-align-default flex-vertical-align-tablet-default flex-vertical-align-mobile-default elementor-widget elementor-widget-shortcode\" data-id=\"9b47d10\" data-element_type=\"widget\" data-widget_type=\"shortcode.default\">\n\t\t\t\t\t\t\t<div class=\"elementor-shortcode\">    \n    <style>\n        .avasya-services-menu-wrapper {\n            width: 100% !important;\n            max-width: 100% !important;\n            margin: 0 !important;\n            padding: 0 !important;\n            position: sticky !important;\n            top: 100px !important;\n            align-self: flex-start !important;\n            z-index: 100 !important;\n        }\n        \n        .avasya-services-menu {\n            display: flex !important;\n            flex-direction: column !important;\n            gap: 12px !important;\n            width: 100% !important;\n            margin: 0 !important;\n            padding: 0 !important;\n            list-style: none !important;\n        }\n        \n        .avasya-menu-item {\n            display: flex !important;\n            align-items: center !important;\n            gap: 18px !important;\n            padding: 18px 22px !important;\n            border-radius: 0 50px 50px 0 !important;\n            background: transparent !important;\n            border: 2px solid transparent !important;\n            color: #1a1a1a !important;\n            text-decoration: none !important;\n            font-size: 1.25rem !important;\n            font-weight: 600 !important;\n            transition: all 0.3s ease !important;\n            position: relative !important;\n            overflow: visible !important;\n            width: 100% !important;\n            max-width: 100% !important;\n            box-sizing: border-box !important;\n            margin: 0 !important;\n        }\n        \n        .avasya-menu-item::before {\n            content: '' !important;\n            position: absolute !important;\n            left: 0 !important;\n            top: 0 !important;\n            bottom: 0 !important;\n            width: 4px !important;\n            background: #950102 !important;\n            transform: scaleY(0) !important;\n            transition: all 0.3s ease !important;\n        }\n        \n        .avasya-menu-item:hover {\n            background: #F0F2F4 !important;\n            border-color: transparent !important;\n            color: #1a1a1a !important;\n            transform: translateX(5px) !important;\n        }\n        \n        .avasya-menu-item:hover::before {\n            transform: scaleY(1) !important;\n            box-shadow: 0 0 10px rgba(149, 1, 2, 0.3) !important;\n        }\n        \n        .avasya-menu-item.active {\n            background: linear-gradient(135deg, #FFF5F5 0%, #FFE8E8 100%) !important;\n            border-color: #950102 !important;\n            color: #5E0900 !important;\n            font-weight: 700 !important;\n        }\n        \n        .avasya-menu-item.active::before {\n            transform: scaleY(1) !important;\n            box-shadow: 0 0 10px rgba(149, 1, 2, 0.5) !important;\n        }\n        \n        .avasya-menu-icon {\n            width: 55px !important;\n            height: 55px !important;\n            flex-shrink: 0 !important;\n            object-fit: contain !important;\n            transition: transform 0.3s ease !important;\n            border-radius: 50px !important;\n            overflow: hidden !important;\n        }\n        \n        .avasya-menu-item:hover .avasya-menu-icon {\n            transform: scale(1.08) !important;\n        }\n        \n        \/* Aktif ikonda renk de\u011fi\u015fimi YOK - g\u00f6rsel orijinal kalacak *\/\n        .avasya-menu-item.active .avasya-menu-icon {\n            filter: none !important;\n        }\n        \n        .avasya-menu-text {\n            flex: 1 !important;\n            line-height: 1.35 !important;\n        }\n        \n        \/* Mobile Responsive *\/\n        @media (max-width: 1024px) {\n            .avasya-services-menu-wrapper {\n                position: static !important;\n            }\n        }\n        \n        @media (max-width: 767px) {\n            .avasya-menu-item {\n                font-size: 1.05rem !important;\n                padding: 16px 20px !important;\n                gap: 15px !important;\n                border-radius: 0 40px 40px 0 !important;\n            }\n            \n            .avasya-menu-icon {\n                width: 45px !important;\n                height: 45px !important;\n                border-radius: 40px !important;\n            }\n        }\n    <\/style>\n    \n    <div class=\"avasya-services-menu-wrapper\">\n        <nav class=\"avasya-services-menu\">\n                            <a href=\"https:\/\/avasya.com.tr\/en\/our-services\/artificial-intelligence-and-advanced-data-analytics-solutions\/\" class=\"avasya-menu-item\">\n                    <img src=\"https:\/\/avasya.com.tr\/wp-content\/uploads\/2026\/01\/avasya-Yapay-Zeka-ve-Gelismis-Veri-Analitigi-Cozumleri-170px.webp\" alt=\"Artificial Intelligence and Advanced Data Analytics\" class=\"avasya-menu-icon\">\n                    <span class=\"avasya-menu-text\">Artificial Intelligence and Advanced Data Analytics<\/span>\n                <\/a>\n                            <a href=\"https:\/\/avasya.com.tr\/en\/our-services\/cloud-and-hybrid-it-solutions\/\" class=\"avasya-menu-item\">\n                    <img src=\"https:\/\/avasya.com.tr\/wp-content\/uploads\/2026\/01\/avasya-Bulut-ve-Hibrit-BT-Cozumleri-170px.webp\" alt=\"Cloud and Hybrid IT Solutions\" class=\"avasya-menu-icon\">\n                    <span class=\"avasya-menu-text\">Cloud and Hybrid IT Solutions<\/span>\n                <\/a>\n                            <a href=\"https:\/\/avasya.com.tr\/en\/our-services\/data-center-and-infrastructure-solutions\/\" class=\"avasya-menu-item\">\n                    <img src=\"https:\/\/avasya.com.tr\/wp-content\/uploads\/2026\/01\/avasya-Veri-Merkezi-ve-Altyapi-Cozumleri-170px.webp\" alt=\"Data Center and Infrastructure Solutions\" class=\"avasya-menu-icon\">\n                    <span class=\"avasya-menu-text\">Data Center and Infrastructure Solutions<\/span>\n                <\/a>\n                            <a href=\"https:\/\/avasya.com.tr\/en\/our-services\/cybersecurity-and-business-continuity-solutions\/\" class=\"avasya-menu-item\">\n                    <img src=\"https:\/\/avasya.com.tr\/wp-content\/uploads\/2026\/01\/avasya-Siber-Guvenlik-ve-Is-Surekliligi-Cozumleri-170px.webp\" alt=\"Cybersecurity and Business Continuity\" class=\"avasya-menu-icon\">\n                    <span class=\"avasya-menu-text\">Cybersecurity and Business Continuity<\/span>\n                <\/a>\n                            <a href=\"https:\/\/avasya.com.tr\/en\/our-services\/digital-workplace-and-end-user-it-solutions\/\" class=\"avasya-menu-item\">\n                    <img src=\"https:\/\/avasya.com.tr\/wp-content\/uploads\/2026\/01\/avasya-Dijital-Is-Yeri-ve-Son-Kullanici-Bilisim-Cozumleri170px.webp\" alt=\"Digital Workplace and End-User Computing\" class=\"avasya-menu-icon\">\n                    <span class=\"avasya-menu-text\">Digital Workplace and End-User Computing<\/span>\n                <\/a>\n                            <a href=\"https:\/\/avasya.com.tr\/en\/our-services\/managed-it-services-operational-management\/\" class=\"avasya-menu-item\">\n                    <img src=\"https:\/\/avasya.com.tr\/wp-content\/uploads\/2026\/01\/avasya-Yonetilen-BT-Hizmetleri-Operasyonel-Yonetim-170px.webp\" alt=\"Managed IT Services &amp; Operational Management\" class=\"avasya-menu-icon\">\n                    <span class=\"avasya-menu-text\">Managed IT Services &amp; Operational Management<\/span>\n                <\/a>\n                    <\/nav>\n    <\/div>\n    \n    <\/div>\n\t\t\t\t\t\t<\/div>\n\t\t\t\t<\/div>\n\t\t\t\t<\/div>\n\t\t\t\t<\/div>\n\t\t\t\t<\/div>\n\t\t<div class=\"elementor-element elementor-element-18cd334 e-con-full thegem-e-con-layout-thegem e-flex e-con e-parent\" data-id=\"18cd334\" data-element_type=\"container\" data-settings=\"{&quot;thegem_container_layout&quot;:&quot;thegem&quot;}\">\r\n\t\t<div class=\"elementor-element elementor-element-8c40f7b e-con-full thegem-e-con-layout-thegem e-flex e-con e-child\" data-id=\"8c40f7b\" data-element_type=\"container\" data-settings=\"{&quot;thegem_container_layout&quot;:&quot;thegem&quot;}\">\r\n\t\t<div class=\"elementor-element elementor-element-983e80c e-con-full thegem-e-con-layout-thegem e-flex e-con e-child\" data-id=\"983e80c\" data-element_type=\"container\" data-settings=\"{&quot;thegem_container_layout&quot;:&quot;thegem&quot;}\">\r\n\t\t\t\t<div class=\"elementor-element elementor-element-ededc56 elementor-widget__width-initial elementor-widget-mobile__width-inherit flex-horizontal-align-default flex-horizontal-align-tablet-default flex-horizontal-align-mobile-default flex-vertical-align-default flex-vertical-align-tablet-default flex-vertical-align-mobile-default elementor-widget elementor-widget-thegem-animated-heading\" data-id=\"ededc56\" data-element_type=\"widget\" data-widget_type=\"thegem-animated-heading.default\">\n\t\t\t\t<div class=\"elementor-widget-container\">\n\t\t\t\t\t<div class=\"thegem-heading thegem-animated-heading title-h1 thegem-heading-animate lines-slide-up-random\" id=\"thegem-heading-ededc56\" data-animation-name=\"lines-slide-up-random\" data-animation-interval=\"160\"><span class=\"thegem-heading-word\">How<\/span> <span class=\"thegem-heading-word\">Are we working?<\/span><\/div><style type=\"text\/css\">#thegem-heading-ededc56 {margin: 0;}<\/style>\t\t\t\t<\/div>\n\t\t\t\t<\/div>\n\t\t\t\t<\/div>\n\t\t<div class=\"elementor-element elementor-element-f318235 e-con-full thegem-e-con-layout-thegem e-flex e-con e-child\" data-id=\"f318235\" data-element_type=\"container\" data-settings=\"{&quot;thegem_container_layout&quot;:&quot;thegem&quot;}\">\r\n\t\t\t\t<div class=\"elementor-element elementor-element-286306a flex-horizontal-align-default flex-horizontal-align-tablet-default flex-horizontal-align-mobile-default flex-vertical-align-default flex-vertical-align-tablet-default flex-vertical-align-mobile-default elementor-widget elementor-widget-thegem-animated-heading\" data-id=\"286306a\" data-element_type=\"widget\" data-widget_type=\"thegem-animated-heading.default\">\n\t\t\t\t<div class=\"elementor-widget-container\">\n\t\t\t\t\t<div class=\"thegem-heading thegem-animated-heading styled-subtitle thegem-heading-animate lines-slide-up\" id=\"thegem-heading-286306a\" data-animation-name=\"lines-slide-up\" data-animation-delay=\"600\" data-animation-interval=\"80\"><span class=\"thegem-heading-word\">Work<\/span> <span class=\"thegem-heading-word\">your goals<\/span> <span class=\"thegem-heading-word\">And<\/span> <span class=\"thegem-heading-word\">technical<\/span> <span class=\"thegem-heading-word\">your needs<\/span> <span class=\"thegem-heading-word\">One<\/span> <span class=\"thegem-heading-word\">in between<\/span> <span class=\"thegem-heading-word\">hand<\/span> <span class=\"thegem-heading-word\">by taking,<\/span> <span class=\"thegem-heading-word\">each<\/span> <span class=\"thegem-heading-word\">step<\/span> <span class=\"thegem-heading-word\">with you<\/span> <span class=\"thegem-heading-word\">We are becoming.<\/span><\/div><style type=\"text\/css\">#thegem-heading-286306a {margin: 0;}<\/style>\t\t\t\t<\/div>\n\t\t\t\t<\/div>\n\t\t\t\t<\/div>\n\t\t\t\t<\/div>\n\t\t\t\t<\/div>\n\t\t<div class=\"elementor-element elementor-element-5ad6a92 e-con-full thegem-e-con-layout-thegem e-flex e-con e-parent\" data-id=\"5ad6a92\" data-element_type=\"container\" data-settings=\"{&quot;thegem_container_layout&quot;:&quot;thegem&quot;}\">\r\n\t\t\t\t<div class=\"elementor-element elementor-element-d3e923d flex-horizontal-align-default flex-horizontal-align-tablet-default flex-horizontal-align-mobile-default flex-vertical-align-default flex-vertical-align-tablet-default flex-vertical-align-mobile-default elementor-widget elementor-widget-html\" data-id=\"d3e923d\" data-element_type=\"widget\" data-widget_type=\"html.default\">\n\t\t\t\t\t<div class=\"adim-card\">\n    <div class=\"numara\">01<\/div>\n    <h3>Analysis &amp; Discovery<\/h3>\n    <p>We analyze your existing infrastructure and work together to define your business goals and technical requirements.<\/p>\n<\/div>\t\t\t\t<\/div>\n\t\t\t\t<div class=\"elementor-element elementor-element-c8892a6 flex-horizontal-align-default flex-horizontal-align-tablet-default flex-horizontal-align-mobile-default flex-vertical-align-default flex-vertical-align-tablet-default flex-vertical-align-mobile-default elementor-widget elementor-widget-html\" data-id=\"c8892a6\" data-element_type=\"widget\" data-widget_type=\"html.default\">\n\t\t\t\t\t<div class=\"adim-card\">\n    <div class=\"numara\">02<\/div>\n    <h3>Design &amp; POC<\/h3>\n    <p>We create the architectural design and then use POC (Proof of Concept) to concretely demonstrate the value of the solution.<\/p>\n<\/div>\t\t\t\t<\/div>\n\t\t\t\t<div class=\"elementor-element elementor-element-02bdba6 flex-horizontal-align-default flex-horizontal-align-tablet-default flex-horizontal-align-mobile-default flex-vertical-align-default flex-vertical-align-tablet-default flex-vertical-align-mobile-default elementor-widget elementor-widget-html\" data-id=\"02bdba6\" data-element_type=\"widget\" data-widget_type=\"html.default\">\n\t\t\t\t\t<div class=\"adim-card\">\n    <div class=\"numara\">03<\/div>\n    <h3>Installation &amp; Operation<\/h3>\n    <p>We commission the system and operate it seamlessly with 24\/7 monitoring and SLA-based support.<\/p>\n<\/div>\t\t\t\t<\/div>\n\t\t\t\t<\/div>\n\t\t\t\t<\/div>","protected":false},"excerpt":{"rendered":"<p>Dijital d\u00f6n\u00fc\u015f\u00fcm\u00fcn yeni faz\u0131nda kurumlar i\u00e7in rekabet avantaj\u0131, yaln\u0131zca veriye sahip olmakla de\u011fil; bu veriyi \u00f6l\u00e7eklenebilir, g\u00fcvenli ve s\u00fcrd\u00fcr\u00fclebilir yapay&#8230;<\/p>","protected":false},"author":1,"featured_media":1384,"parent":63,"menu_order":0,"comment_status":"closed","ping_status":"closed","template":"page-fullwidth.php","meta":{"footnotes":""},"class_list":["post-4209","page","type-page","status-publish","has-post-thumbnail"],"_links":{"self":[{"href":"https:\/\/avasya.com.tr\/en\/wp-json\/wp\/v2\/pages\/4209","targetHints":{"allow":["GET"]}}],"collection":[{"href":"https:\/\/avasya.com.tr\/en\/wp-json\/wp\/v2\/pages"}],"about":[{"href":"https:\/\/avasya.com.tr\/en\/wp-json\/wp\/v2\/types\/page"}],"author":[{"embeddable":true,"href":"https:\/\/avasya.com.tr\/en\/wp-json\/wp\/v2\/users\/1"}],"replies":[{"embeddable":true,"href":"https:\/\/avasya.com.tr\/en\/wp-json\/wp\/v2\/comments?post=4209"}],"version-history":[{"count":29,"href":"https:\/\/avasya.com.tr\/en\/wp-json\/wp\/v2\/pages\/4209\/revisions"}],"predecessor-version":[{"id":4563,"href":"https:\/\/avasya.com.tr\/en\/wp-json\/wp\/v2\/pages\/4209\/revisions\/4563"}],"up":[{"embeddable":true,"href":"https:\/\/avasya.com.tr\/en\/wp-json\/wp\/v2\/pages\/63"}],"wp:featuredmedia":[{"embeddable":true,"href":"https:\/\/avasya.com.tr\/en\/wp-json\/wp\/v2\/media\/1384"}],"wp:attachment":[{"href":"https:\/\/avasya.com.tr\/en\/wp-json\/wp\/v2\/media?parent=4209"}],"curies":[{"name":"wp","href":"https:\/\/api.w.org\/{rel}","templated":true}]}}