{"id":4237,"date":"2026-01-13T08:38:09","date_gmt":"2026-01-13T08:38:09","guid":{"rendered":"https:\/\/avasya.com.tr\/?page_id=4237"},"modified":"2026-01-22T12:38:09","modified_gmt":"2026-01-22T12:38:09","slug":"cybersecurity-and-business-continuity-solutions","status":"publish","type":"page","link":"https:\/\/avasya.com.tr\/en\/hizmetlerimiz\/siber-guvenlik-ve-is-surekliligi-cozumleri\/","title":{"rendered":"Cybersecurity and Business Continuity Solutions"},"content":{"rendered":"<div data-elementor-type=\"wp-page\" data-elementor-id=\"4237\" class=\"elementor elementor-4237\" data-elementor-post-type=\"page\">\n\t\t\t\t<div class=\"elementor-element elementor-element-c39c345 e-con-full thegem-e-con-layout-thegem e-flex e-con e-parent\" data-id=\"c39c345\" data-element_type=\"container\" data-settings=\"{&quot;thegem_container_layout&quot;:&quot;thegem&quot;}\">\r\n\t\t<div class=\"elementor-element elementor-element-56c528e e-con-full thegem-e-con-layout-thegem e-flex e-con e-child\" data-id=\"56c528e\" data-element_type=\"container\" data-settings=\"{&quot;thegem_container_layout&quot;:&quot;thegem&quot;}\">\r\n\t\t<div class=\"elementor-element elementor-element-fd0d6e3 e-con-full thegem-e-con-layout-thegem e-flex e-con e-child\" data-id=\"fd0d6e3\" data-element_type=\"container\" data-settings=\"{&quot;thegem_container_layout&quot;:&quot;thegem&quot;}\">\r\n\t\t<div class=\"elementor-element elementor-element-1a607ad thegem-e-con-layout-thegem e-flex e-con-boxed e-con e-child\" data-id=\"1a607ad\" data-element_type=\"container\" data-settings=\"{&quot;background_background&quot;:&quot;classic&quot;,&quot;thegem_container_layout&quot;:&quot;thegem&quot;}\">\r\n\t\t\t\t\t<div class=\"e-con-inner\">\r\n\t\t<div class=\"elementor-element elementor-element-fbf74fe thegem-e-con-layout-thegem e-flex e-con-boxed e-con e-child\" data-id=\"fbf74fe\" data-element_type=\"container\" data-settings=\"{&quot;thegem_container_layout&quot;:&quot;thegem&quot;}\">\r\n\t\t\t\t\t<div class=\"e-con-inner\">\r\n\t\t\t\t<div class=\"elementor-element elementor-element-7fef759 elementor-widget__width-initial elementor-widget-tablet_extra__width-inherit flex-horizontal-align-default flex-horizontal-align-tablet-default flex-horizontal-align-mobile-default flex-vertical-align-default flex-vertical-align-tablet-default flex-vertical-align-mobile-default elementor-widget elementor-widget-text-editor\" data-id=\"7fef759\" data-element_type=\"widget\" data-widget_type=\"text-editor.default\">\n\t\t\t\t\t\t\t\t\t\t\t\t<div class=\"elementor-text-editor elementor-clearfix\">\r\n\t\t\t\t\t\t<p>With the acceleration of digitalization, cyber threats are not only an issue for IT; they directly affect other sectors as well. <strong>business continuity and corporate reputation<\/strong> It has become one of the most critical risk factors. Today, cybersecurity is no longer a layer of protection that can be provided by individual products; it encompasses strategy, processes, and technology. <strong>holistic business resilience<\/strong> This approach has evolved. Our Cybersecurity and Business Continuity Solutions aim to make organizations resilient against attacks, prepared for incidents, and sustainable in the face of disruptions.<\/p>\t\t\t\t\t\t\t<\/div>\r\n\t\t\t\t\t\t\t\t\t\t<\/div>\n\t\t<div class=\"elementor-element elementor-element-93fe0af e-con-full animated-fast thegem-e-con-layout-thegem e-flex elementor-invisible e-con e-child\" data-id=\"93fe0af\" data-element_type=\"container\" data-settings=\"{&quot;animation&quot;:&quot;zoomIn&quot;,&quot;thegem_container_layout&quot;:&quot;thegem&quot;}\">\r\n\t\t\t\t<div class=\"elementor-element elementor-element-4cfccee elementor-absolute flex-horizontal-align-default flex-horizontal-align-tablet-default flex-horizontal-align-mobile-default flex-vertical-align-default flex-vertical-align-tablet-default flex-vertical-align-mobile-default elementor-widget elementor-widget-thegem-styledimage\" data-id=\"4cfccee\" data-element_type=\"widget\" data-settings=\"{&quot;image&quot;:{&quot;url&quot;:&quot;https:\\\/\\\/avasya.com.tr\\\/wp-content\\\/uploads\\\/2026\\\/01\\\/dots.png&quot;,&quot;id&quot;:3828,&quot;size&quot;:&quot;&quot;,&quot;alt&quot;:&quot;&quot;,&quot;source&quot;:&quot;library&quot;},&quot;_position&quot;:&quot;absolute&quot;,&quot;thegem_elementor_preset&quot;:&quot;default&quot;,&quot;image_position&quot;:&quot;left&quot;}\" data-widget_type=\"thegem-styledimage.default\">\n\t\t\t\t<div class=\"elementor-widget-container\">\n\t\t\t\t\t\n<div class=\"styled-image-wrapper\">\n\t\t\t<div class=\"gem-image gem-wrapbox gem-wrapbox-default gem-wrapbox-position-left\">\n\t\t\t<div class=\"gem-wrapbox-inner\" >\n\t\t\t\t\t\t\t\t\t<img class=\"gem-wrapbox-element img-responsive\"\n\t\t\t\t\t\t src=\"https:\/\/avasya.com.tr\/wp-content\/uploads\/2026\/01\/dots.png\"\n\t\t\t\t\t\t alt=\"dots\">\n\t\t\t\t\t\t\t\t<\/div>\n\t\t<\/div>\n\t\t<\/div>\n\n\n\t\n\t\t\t\t\t\t<\/div>\n\t\t\t\t<\/div>\n\t\t<div class=\"elementor-element elementor-element-f3830f0 e-con-full thegem-e-con-layout-thegem e-flex e-con e-child\" data-id=\"f3830f0\" data-element_type=\"container\" data-settings=\"{&quot;thegem_container_layout&quot;:&quot;thegem&quot;}\">\r\n\t\t\t\t<div class=\"elementor-element elementor-element-9794abf flex-horizontal-align-default flex-horizontal-align-tablet-default flex-horizontal-align-mobile-default flex-vertical-align-default flex-vertical-align-tablet-default flex-vertical-align-mobile-default elementor-widget elementor-widget-thegem-styledimage\" data-id=\"9794abf\" data-element_type=\"widget\" data-settings=\"{&quot;image&quot;:{&quot;url&quot;:&quot;https:\\\/\\\/avasya.com.tr\\\/wp-content\\\/uploads\\\/2026\\\/01\\\/avasya-Siber-Guvenlik-ve-Is-Surekliligi-Cozumleri-170px.webp&quot;,&quot;id&quot;:4240,&quot;size&quot;:&quot;&quot;,&quot;alt&quot;:&quot;&quot;,&quot;source&quot;:&quot;library&quot;},&quot;thegem_elementor_preset&quot;:&quot;default&quot;,&quot;image_position&quot;:&quot;left&quot;}\" data-widget_type=\"thegem-styledimage.default\">\n\t\t\t\t<div class=\"elementor-widget-container\">\n\t\t\t\t\t\n<div class=\"styled-image-wrapper\">\n\t\t\t<div class=\"gem-image gem-wrapbox gem-wrapbox-default gem-wrapbox-position-left\">\n\t\t\t<div class=\"gem-wrapbox-inner\" >\n\t\t\t\t\t\t\t\t\t<img class=\"gem-wrapbox-element img-responsive\"\n\t\t\t\t\t\t src=\"https:\/\/avasya.com.tr\/wp-content\/uploads\/2026\/01\/avasya-Siber-Guvenlik-ve-Is-Surekliligi-Cozumleri-170px.webp\"\n\t\t\t\t\t\t alt=\"Avasya - Cyber Security and Business Continuity Solutions - 170px\">\n\t\t\t\t\t\t\t\t<\/div>\n\t\t<\/div>\n\t\t<\/div>\n\n\n\t\n\t\t\t\t\t\t<\/div>\n\t\t\t\t<\/div>\n\t\t\t\t<\/div>\n\t\t\t\t<\/div>\n\t\t\t\t\t<\/div>\n\t\t\t\t<\/div>\n\t\t<div class=\"elementor-element elementor-element-31f17ba e-con-full thegem-e-con-layout-thegem e-flex e-con e-child\" data-id=\"31f17ba\" data-element_type=\"container\" data-settings=\"{&quot;thegem_container_layout&quot;:&quot;thegem&quot;}\">\r\n\t\t\t\t<div class=\"elementor-element elementor-element-9b33bd4 flex-horizontal-align-default flex-horizontal-align-tablet-default flex-horizontal-align-mobile-default flex-vertical-align-default flex-vertical-align-tablet-default flex-vertical-align-mobile-default elementor-widget elementor-widget-text-editor\" data-id=\"9b33bd4\" data-element_type=\"widget\" data-widget_type=\"text-editor.default\">\n\t\t\t\t\t\t\t\t\t\t\t\t<div class=\"elementor-text-editor elementor-clearfix\">\r\n\t\t\t\t\t\t<p>The core of our service portfolio <strong>Zero Trust Architecture<\/strong>, Modern security is built on the principle of &quot;never trust, always verify.&quot; Every access request, regardless of user, device, application, or network, is evaluated based on identity, context, and risk. Micro-segmentation, continuous verification, and policy-based access controls minimize the attack surface and prevent unauthorized access before it even occurs. This approach offers organizations a robust and flexible control mechanism, especially in hybrid and remote work models.<\/p><p><strong>Network, Endpoint, and Email Security<\/strong> Our solutions are positioned with a multi-layered defense (defense-in-depth) approach at the layers most frequently targeted by threats. Thanks to advanced network security, endpoint protection, and email security integration, ransomware, phishing, malware, and zero-day attacks are detected and neutralized at an early stage. This protects user productivity while minimizing the impact of security incidents on business processes.<\/p><p>In today&#039;s world, where cyberattacks have become inevitable, competence is what truly makes the difference. <strong>Backup, Disaster Recovery, and Ransomware Protection<\/strong> These are our solutions. Our approach encompasses not only data backup but also the security, immutability, and rapid recovery capabilities of those backups. Thanks to disaster recovery architectures designed for disaster scenarios and regular testing processes, organizations achieve a level of readiness where they can bring their critical systems back online within minutes.<\/p><p>For secure and centralized management of access in both on-premises and cloud environments. <strong>Identity and Access Management (IAM)<\/strong> We consider these solutions as a strategic layer. User lifecycle management, multi-factor authentication (MFA), privileged access management (PAM), and role-based authorization both mitigate security risks and meet audit and regulatory requirements.<\/p><p>At the heart of this entire structure <strong>Security Operations<\/strong>; It offers a dynamic structure encompassing threat monitoring, incident response, correlation, reporting, and continuous improvement processes. Thanks to its operational model supported by SIEM\/SOC integrations, automation, and threat intelligence, organizations can respond to security incidents not reactively. <strong>proactive<\/strong> It manages with a particular approach.<\/p><p>In conclusion, our Cybersecurity and Business Continuity Solutions enable organizations not only to be protected against attacks, but also to maintain their businesses. <strong>to be able to continue safely and uninterrupted<\/strong> It provides. We do not view cybersecurity as a cost item; <strong>the fundamental building block of corporate continuity and competitive advantage<\/strong> We position it as such.<\/p>\t\t\t\t\t\t\t<\/div>\r\n\t\t\t\t\t\t\t\t\t\t<\/div>\n\t\t\t\t<\/div>\n\t\t\t\t\t<\/div>\n\t\t\t\t<\/div>\n\t\t\t\t<\/div>\n\t\t<div class=\"elementor-element elementor-element-e3ec2ec e-con-full thegem-e-con-layout-thegem e-flex e-con e-child\" data-id=\"e3ec2ec\" data-element_type=\"container\" data-settings=\"{&quot;thegem_container_layout&quot;:&quot;thegem&quot;}\">\r\n\t\t<div class=\"elementor-element elementor-element-eb6b9e3 e-con-full thegem-e-con-layout-thegem e-flex e-con e-child\" data-id=\"eb6b9e3\" data-element_type=\"container\" data-settings=\"{&quot;thegem_container_layout&quot;:&quot;thegem&quot;}\">\r\n\t\t\t\t<div class=\"elementor-element elementor-element-6988050 flex-horizontal-align-default flex-horizontal-align-tablet-default flex-horizontal-align-mobile-default flex-vertical-align-default flex-vertical-align-tablet-default flex-vertical-align-mobile-default elementor-widget elementor-widget-heading\" data-id=\"6988050\" data-element_type=\"widget\" data-widget_type=\"heading.default\">\n\t\t\t\t\t<h2 class=\"elementor-heading-title elementor-size-default\">Have you checked out our other services?<\/h2>\t\t\t\t<\/div>\n\t\t\t\t<div class=\"elementor-element elementor-element-bb34e63 flex-horizontal-align-default flex-horizontal-align-tablet-default flex-horizontal-align-mobile-default flex-vertical-align-default flex-vertical-align-tablet-default flex-vertical-align-mobile-default elementor-widget elementor-widget-shortcode\" data-id=\"bb34e63\" data-element_type=\"widget\" data-widget_type=\"shortcode.default\">\n\t\t\t\t\t\t\t<div class=\"elementor-shortcode\">    \n    <style>\n        .avasya-services-menu-wrapper {\n            width: 100% !important;\n            max-width: 100% !important;\n            margin: 0 !important;\n            padding: 0 !important;\n            position: sticky !important;\n            top: 100px !important;\n            align-self: flex-start !important;\n            z-index: 100 !important;\n        }\n        \n        .avasya-services-menu {\n            display: flex !important;\n            flex-direction: column !important;\n            gap: 12px !important;\n            width: 100% !important;\n            margin: 0 !important;\n            padding: 0 !important;\n            list-style: none !important;\n        }\n        \n        .avasya-menu-item {\n            display: flex !important;\n            align-items: center !important;\n            gap: 18px !important;\n            padding: 18px 22px !important;\n            border-radius: 0 50px 50px 0 !important;\n            background: transparent !important;\n            border: 2px solid transparent !important;\n            color: #1a1a1a !important;\n            text-decoration: none !important;\n            font-size: 1.25rem !important;\n            font-weight: 600 !important;\n            transition: all 0.3s ease !important;\n            position: relative !important;\n            overflow: visible !important;\n            width: 100% !important;\n            max-width: 100% !important;\n            box-sizing: border-box !important;\n            margin: 0 !important;\n        }\n        \n        .avasya-menu-item::before {\n            content: '' !important;\n            position: absolute !important;\n            left: 0 !important;\n            top: 0 !important;\n            bottom: 0 !important;\n            width: 4px !important;\n            background: #950102 !important;\n            transform: scaleY(0) !important;\n            transition: all 0.3s ease !important;\n        }\n        \n        .avasya-menu-item:hover {\n            background: #F0F2F4 !important;\n            border-color: transparent !important;\n            color: #1a1a1a !important;\n            transform: translateX(5px) !important;\n        }\n        \n        .avasya-menu-item:hover::before {\n            transform: scaleY(1) !important;\n            box-shadow: 0 0 10px rgba(149, 1, 2, 0.3) !important;\n        }\n        \n        .avasya-menu-item.active {\n            background: linear-gradient(135deg, #FFF5F5 0%, #FFE8E8 100%) !important;\n            border-color: #950102 !important;\n            color: #5E0900 !important;\n            font-weight: 700 !important;\n        }\n        \n        .avasya-menu-item.active::before {\n            transform: scaleY(1) !important;\n            box-shadow: 0 0 10px rgba(149, 1, 2, 0.5) !important;\n        }\n        \n        .avasya-menu-icon {\n            width: 55px !important;\n            height: 55px !important;\n            flex-shrink: 0 !important;\n            object-fit: contain !important;\n            transition: transform 0.3s ease !important;\n            border-radius: 50px !important;\n            overflow: hidden !important;\n        }\n        \n        .avasya-menu-item:hover .avasya-menu-icon {\n            transform: scale(1.08) !important;\n        }\n        \n        \/* Aktif ikonda renk de\u011fi\u015fimi YOK - g\u00f6rsel orijinal kalacak *\/\n        .avasya-menu-item.active .avasya-menu-icon {\n            filter: none !important;\n        }\n        \n        .avasya-menu-text {\n            flex: 1 !important;\n            line-height: 1.35 !important;\n        }\n        \n        \/* Mobile Responsive *\/\n        @media (max-width: 1024px) {\n            .avasya-services-menu-wrapper {\n                position: static !important;\n            }\n        }\n        \n        @media (max-width: 767px) {\n            .avasya-menu-item {\n                font-size: 1.05rem !important;\n                padding: 16px 20px !important;\n                gap: 15px !important;\n                border-radius: 0 40px 40px 0 !important;\n            }\n            \n            .avasya-menu-icon {\n                width: 45px !important;\n                height: 45px !important;\n                border-radius: 40px !important;\n            }\n        }\n    <\/style>\n    \n    <div class=\"avasya-services-menu-wrapper\">\n        <nav class=\"avasya-services-menu\">\n                            <a href=\"https:\/\/avasya.com.tr\/en\/our-services\/artificial-intelligence-and-advanced-data-analytics-solutions\/\" class=\"avasya-menu-item\">\n                    <img src=\"https:\/\/avasya.com.tr\/wp-content\/uploads\/2026\/01\/avasya-Yapay-Zeka-ve-Gelismis-Veri-Analitigi-Cozumleri-170px.webp\" alt=\"Artificial Intelligence and Advanced Data Analytics\" class=\"avasya-menu-icon\">\n                    <span class=\"avasya-menu-text\">Artificial Intelligence and Advanced Data Analytics<\/span>\n                <\/a>\n                            <a href=\"https:\/\/avasya.com.tr\/en\/our-services\/cloud-and-hybrid-it-solutions\/\" class=\"avasya-menu-item\">\n                    <img src=\"https:\/\/avasya.com.tr\/wp-content\/uploads\/2026\/01\/avasya-Bulut-ve-Hibrit-BT-Cozumleri-170px.webp\" alt=\"Cloud and Hybrid IT Solutions\" class=\"avasya-menu-icon\">\n                    <span class=\"avasya-menu-text\">Cloud and Hybrid IT Solutions<\/span>\n                <\/a>\n                            <a href=\"https:\/\/avasya.com.tr\/en\/our-services\/data-center-and-infrastructure-solutions\/\" class=\"avasya-menu-item\">\n                    <img src=\"https:\/\/avasya.com.tr\/wp-content\/uploads\/2026\/01\/avasya-Veri-Merkezi-ve-Altyapi-Cozumleri-170px.webp\" alt=\"Data Center and Infrastructure Solutions\" class=\"avasya-menu-icon\">\n                    <span class=\"avasya-menu-text\">Data Center and Infrastructure Solutions<\/span>\n                <\/a>\n                            <a href=\"https:\/\/avasya.com.tr\/en\/our-services\/cybersecurity-and-business-continuity-solutions\/\" class=\"avasya-menu-item\">\n                    <img src=\"https:\/\/avasya.com.tr\/wp-content\/uploads\/2026\/01\/avasya-Siber-Guvenlik-ve-Is-Surekliligi-Cozumleri-170px.webp\" alt=\"Cybersecurity and Business Continuity\" class=\"avasya-menu-icon\">\n                    <span class=\"avasya-menu-text\">Cybersecurity and Business Continuity<\/span>\n                <\/a>\n                            <a href=\"https:\/\/avasya.com.tr\/en\/our-services\/digital-workplace-and-end-user-it-solutions\/\" class=\"avasya-menu-item\">\n                    <img src=\"https:\/\/avasya.com.tr\/wp-content\/uploads\/2026\/01\/avasya-Dijital-Is-Yeri-ve-Son-Kullanici-Bilisim-Cozumleri170px.webp\" alt=\"Digital Workplace and End-User Computing\" class=\"avasya-menu-icon\">\n                    <span class=\"avasya-menu-text\">Digital Workplace and End-User Computing<\/span>\n                <\/a>\n                            <a href=\"https:\/\/avasya.com.tr\/en\/our-services\/managed-it-services-operational-management\/\" class=\"avasya-menu-item\">\n                    <img src=\"https:\/\/avasya.com.tr\/wp-content\/uploads\/2026\/01\/avasya-Yonetilen-BT-Hizmetleri-Operasyonel-Yonetim-170px.webp\" alt=\"Managed IT Services &amp; Operational Management\" class=\"avasya-menu-icon\">\n                    <span class=\"avasya-menu-text\">Managed IT Services &amp; Operational Management<\/span>\n                <\/a>\n                    <\/nav>\n    <\/div>\n    \n    <\/div>\n\t\t\t\t\t\t<\/div>\n\t\t\t\t<\/div>\n\t\t\t\t<\/div>\n\t\t\t\t<\/div>\n\t\t\t\t<\/div>\n\t\t<div class=\"elementor-element elementor-element-f68140e e-con-full thegem-e-con-layout-thegem e-flex e-con e-parent\" data-id=\"f68140e\" data-element_type=\"container\" data-settings=\"{&quot;thegem_container_layout&quot;:&quot;thegem&quot;}\">\r\n\t\t<div class=\"elementor-element elementor-element-df2fd3f e-con-full thegem-e-con-layout-thegem e-flex e-con e-child\" data-id=\"df2fd3f\" data-element_type=\"container\" data-settings=\"{&quot;thegem_container_layout&quot;:&quot;thegem&quot;}\">\r\n\t\t<div class=\"elementor-element elementor-element-73aa27d e-con-full thegem-e-con-layout-thegem e-flex e-con e-child\" data-id=\"73aa27d\" data-element_type=\"container\" data-settings=\"{&quot;thegem_container_layout&quot;:&quot;thegem&quot;}\">\r\n\t\t\t\t<div class=\"elementor-element elementor-element-8e4d872 elementor-widget__width-initial elementor-widget-mobile__width-inherit flex-horizontal-align-default flex-horizontal-align-tablet-default flex-horizontal-align-mobile-default flex-vertical-align-default flex-vertical-align-tablet-default flex-vertical-align-mobile-default elementor-widget elementor-widget-thegem-animated-heading\" data-id=\"8e4d872\" data-element_type=\"widget\" data-widget_type=\"thegem-animated-heading.default\">\n\t\t\t\t<div class=\"elementor-widget-container\">\n\t\t\t\t\t<div class=\"thegem-heading thegem-animated-heading title-h1 thegem-heading-animate lines-slide-up-random\" id=\"thegem-heading-8e4d872\" data-animation-name=\"lines-slide-up-random\" data-animation-interval=\"160\"><span class=\"thegem-heading-word\">How<\/span> <span class=\"thegem-heading-word\">Are we working?<\/span><\/div><style type=\"text\/css\">#thegem-heading-8e4d872 {margin: 0;}<\/style>\t\t\t\t<\/div>\n\t\t\t\t<\/div>\n\t\t\t\t<\/div>\n\t\t<div class=\"elementor-element elementor-element-541c6e9 e-con-full thegem-e-con-layout-thegem e-flex e-con e-child\" data-id=\"541c6e9\" data-element_type=\"container\" data-settings=\"{&quot;thegem_container_layout&quot;:&quot;thegem&quot;}\">\r\n\t\t\t\t<div class=\"elementor-element elementor-element-55f4451 flex-horizontal-align-default flex-horizontal-align-tablet-default flex-horizontal-align-mobile-default flex-vertical-align-default flex-vertical-align-tablet-default flex-vertical-align-mobile-default elementor-widget elementor-widget-thegem-animated-heading\" data-id=\"55f4451\" data-element_type=\"widget\" data-widget_type=\"thegem-animated-heading.default\">\n\t\t\t\t<div class=\"elementor-widget-container\">\n\t\t\t\t\t<div class=\"thegem-heading thegem-animated-heading styled-subtitle thegem-heading-animate lines-slide-up\" id=\"thegem-heading-55f4451\" data-animation-name=\"lines-slide-up\" data-animation-delay=\"600\" data-animation-interval=\"80\"><span class=\"thegem-heading-word\">Work<\/span> <span class=\"thegem-heading-word\">your goals<\/span> <span class=\"thegem-heading-word\">And<\/span> <span class=\"thegem-heading-word\">technical<\/span> <span class=\"thegem-heading-word\">your needs<\/span> <span class=\"thegem-heading-word\">One<\/span> <span class=\"thegem-heading-word\">in between<\/span> <span class=\"thegem-heading-word\">hand<\/span> <span class=\"thegem-heading-word\">by taking,<\/span> <span class=\"thegem-heading-word\">each<\/span> <span class=\"thegem-heading-word\">step<\/span> <span class=\"thegem-heading-word\">with you<\/span> <span class=\"thegem-heading-word\">We are becoming.<\/span><\/div><style type=\"text\/css\">#thegem-heading-55f4451 {margin: 0;}<\/style>\t\t\t\t<\/div>\n\t\t\t\t<\/div>\n\t\t\t\t<\/div>\n\t\t\t\t<\/div>\n\t\t\t\t<\/div>\n\t\t<div class=\"elementor-element elementor-element-8924564 e-con-full thegem-e-con-layout-thegem e-flex e-con e-parent\" data-id=\"8924564\" data-element_type=\"container\" data-settings=\"{&quot;thegem_container_layout&quot;:&quot;thegem&quot;}\">\r\n\t\t\t\t<div class=\"elementor-element elementor-element-10dc9cb flex-horizontal-align-default flex-horizontal-align-tablet-default flex-horizontal-align-mobile-default flex-vertical-align-default flex-vertical-align-tablet-default flex-vertical-align-mobile-default elementor-widget elementor-widget-html\" data-id=\"10dc9cb\" data-element_type=\"widget\" data-widget_type=\"html.default\">\n\t\t\t\t\t<div class=\"adim-card\">\n    <div class=\"numara\">01<\/div>\n    <h3>Analysis &amp; Discovery<\/h3>\n    <p>We analyze your existing infrastructure and work together to define your business goals and technical requirements.<\/p>\n<\/div>\t\t\t\t<\/div>\n\t\t\t\t<div class=\"elementor-element elementor-element-6349bda flex-horizontal-align-default flex-horizontal-align-tablet-default flex-horizontal-align-mobile-default flex-vertical-align-default flex-vertical-align-tablet-default flex-vertical-align-mobile-default elementor-widget elementor-widget-html\" data-id=\"6349bda\" data-element_type=\"widget\" data-widget_type=\"html.default\">\n\t\t\t\t\t<div class=\"adim-card\">\n    <div class=\"numara\">02<\/div>\n    <h3>Design &amp; POC<\/h3>\n    <p>We create the architectural design and then use POC (Proof of Concept) to concretely demonstrate the value of the solution.<\/p>\n<\/div>\t\t\t\t<\/div>\n\t\t\t\t<div class=\"elementor-element elementor-element-ac89525 flex-horizontal-align-default flex-horizontal-align-tablet-default flex-horizontal-align-mobile-default flex-vertical-align-default flex-vertical-align-tablet-default flex-vertical-align-mobile-default elementor-widget elementor-widget-html\" data-id=\"ac89525\" data-element_type=\"widget\" data-widget_type=\"html.default\">\n\t\t\t\t\t<div class=\"adim-card\">\n    <div class=\"numara\">03<\/div>\n    <h3>Installation &amp; Operation<\/h3>\n    <p>We commission the system and operate it seamlessly with 24\/7 monitoring and SLA-based support.<\/p>\n<\/div>\t\t\t\t<\/div>\n\t\t\t\t<\/div>\n\t\t\t\t<\/div>","protected":false},"excerpt":{"rendered":"<p>Dijitalle\u015fmenin h\u0131z kazanmas\u0131yla birlikte siber tehditler, yaln\u0131zca BT\u2019nin de\u011fil; do\u011frudan i\u015f s\u00fcreklili\u011finin ve kurumsal itibar\u0131n en kritik risk unsurlar\u0131ndan biri&#8230;<\/p>","protected":false},"author":1,"featured_media":1384,"parent":63,"menu_order":0,"comment_status":"closed","ping_status":"closed","template":"page-fullwidth.php","meta":{"footnotes":""},"class_list":["post-4237","page","type-page","status-publish","has-post-thumbnail"],"_links":{"self":[{"href":"https:\/\/avasya.com.tr\/en\/wp-json\/wp\/v2\/pages\/4237","targetHints":{"allow":["GET"]}}],"collection":[{"href":"https:\/\/avasya.com.tr\/en\/wp-json\/wp\/v2\/pages"}],"about":[{"href":"https:\/\/avasya.com.tr\/en\/wp-json\/wp\/v2\/types\/page"}],"author":[{"embeddable":true,"href":"https:\/\/avasya.com.tr\/en\/wp-json\/wp\/v2\/users\/1"}],"replies":[{"embeddable":true,"href":"https:\/\/avasya.com.tr\/en\/wp-json\/wp\/v2\/comments?post=4237"}],"version-history":[{"count":17,"href":"https:\/\/avasya.com.tr\/en\/wp-json\/wp\/v2\/pages\/4237\/revisions"}],"predecessor-version":[{"id":4565,"href":"https:\/\/avasya.com.tr\/en\/wp-json\/wp\/v2\/pages\/4237\/revisions\/4565"}],"up":[{"embeddable":true,"href":"https:\/\/avasya.com.tr\/en\/wp-json\/wp\/v2\/pages\/63"}],"wp:featuredmedia":[{"embeddable":true,"href":"https:\/\/avasya.com.tr\/en\/wp-json\/wp\/v2\/media\/1384"}],"wp:attachment":[{"href":"https:\/\/avasya.com.tr\/en\/wp-json\/wp\/v2\/media?parent=4237"}],"curies":[{"name":"wp","href":"https:\/\/api.w.org\/{rel}","templated":true}]}}