{"id":4651,"date":"2026-02-13T12:19:05","date_gmt":"2026-02-13T12:19:05","guid":{"rendered":"https:\/\/avasya.com.tr\/?page_id=4651"},"modified":"2026-03-11T08:38:30","modified_gmt":"2026-03-11T08:38:30","slug":"our-bank-accounts","status":"publish","type":"page","link":"https:\/\/avasya.com.tr\/en\/hakkimizda\/banka-hesaplarimiz\/","title":{"rendered":"Our Bank Accounts"},"content":{"rendered":"<div data-elementor-type=\"wp-page\" data-elementor-id=\"4651\" class=\"elementor elementor-4651\" data-elementor-post-type=\"page\">\n\t\t\t\t<div class=\"elementor-element elementor-element-60d15e6 thegem-e-con-layout-thegem e-flex e-con-boxed e-con e-parent\" data-id=\"60d15e6\" data-element_type=\"container\" data-settings=\"{&quot;thegem_container_layout&quot;:&quot;thegem&quot;}\">\r\n\t\t\t\t\t<div class=\"e-con-inner\">\r\n\t\t\t\t<div class=\"elementor-element elementor-element-bf60589 flex-horizontal-align-default flex-horizontal-align-tablet-default flex-horizontal-align-mobile-default flex-vertical-align-default flex-vertical-align-tablet-default flex-vertical-align-mobile-default elementor-widget elementor-widget-html\" data-id=\"bf60589\" data-element_type=\"widget\" data-widget_type=\"html.default\">\n\t\t\t\t\t<style>\n.avasya-bank-grid {\n  display: grid;\n  grid-template-columns: 1fr;\n  gap: 20px;\n  max-width: 900px;\n  margin: 0 auto;\n}\n\n.avasya-bank-card {\n  background: #ffffff;\n  border: 1px solid rgba(0,0,0,.08);\n  border-radius: 16px;\n  padding: 28px;\n  display: flex;\n  gap: 24px;\n  align-items: center;\n  transition: all .3s ease;\n}\n\n.avasya-bank-card:hover {\n  border-color: #950102;\n  box-shadow: 0 8px 32px rgba(0,0,0,.1);\n  transform: translateY(-2px);\n}\n\n.avasya-bank-icon {\n  width: 100px;\n  height: 100px;\n  flex-shrink: 0;\n  background: #f8f9fa;\n  border-radius: 12px;\n  overflow: hidden;\n  display: flex;\n  align-items: center;\n  justify-content: center;\n  padding: 12px;\n}\n\n.avasya-bank-icon img {\n  width: 100%;\n  height: 100%;\n  object-fit: contain;\n}\n\n.avasya-bank-content {\n  flex: 1;\n}\n\n.avasya-bank-content h3 {\n  font-size: 20px;\n  font-weight: 700;\n  margin: 0 0 8px 0;\n  color: #1a1a1a;\n}\n\n.avasya-bank-branch {\n  font-size: 14px;\n  color: #666666;\n  margin: 0 0 16px 0;\n}\n\n.avasya-iban-wrapper {\n  display: flex;\n  align-items: center;\n  gap: 12px;\n  background: #f8f9fa;\n  padding: 12px 16px;\n  border-radius: 8px;\n  flex-wrap: wrap;\n}\n\n.avasya-iban {\n  font-family: 'Courier New', monospace;\n  font-size: 15px;\n  font-weight: 600;\n  color: #1a1a1a;\n  letter-spacing: 0.5px;\n}\n\n.avasya-copy-btn {\n  background: #950102;\n  color: #fff;\n  border: none;\n  padding: 8px 16px;\n  border-radius: 6px;\n  font-size: 13px;\n  font-weight: 600;\n  cursor: pointer;\n  transition: all .2s ease;\n  display: flex;\n  align-items: center;\n  gap: 6px;\n}\n\n.avasya-copy-btn:hover {\n  background: #7a0102;\n}\n\n.avasya-copy-btn.copied {\n  background: #10b981;\n}\n\n.avasya-bank-info {\n  margin-top: 12px;\n  font-size: 14px;\n  color: #666666;\n}\n\n.avasya-bank-info strong {\n  color: #1a1a1a;\n}\n\n\/* Responsive *\/\n@media (max-width: 768px) {\n  .avasya-bank-card {\n    flex-direction: column;\n    text-align: center;\n    padding: 24px;\n  }\n  \n  .avasya-bank-icon {\n    width: 80px;\n    height: 80px;\n  }\n  \n  .avasya-iban-wrapper {\n    flex-direction: column;\n    gap: 10px;\n  }\n  \n  .avasya-iban {\n    font-size: 13px;\n    word-break: break-all;\n  }\n}\n\n@media (max-width: 480px) {\n  .avasya-bank-content h3 {\n    font-size: 18px;\n  }\n  \n  .avasya-iban {\n    font-size: 12px;\n  }\n}\n<\/style>\n\n<div class=\"avasya-bank-grid\">\n  \n  <!-- Yap\u0131 Kredi -->\n  <div class=\"avasya-bank-card\">\n    <div class=\"avasya-bank-icon\">\n      <img src=\"https:\/\/avasya.com.tr\/wp-content\/uploads\/2026\/02\/yapikredi.webp\" alt=\"Yap\u0131 Kredi\">\n    <\/div>\n    <div class=\"avasya-bank-content\">\n      <h3>Yap\u0131 Kredi Bank<\/h3>\n      <p class=\"avasya-bank-branch\">Altunizade Commercial Branch - TL Account<\/p>\n      <div class=\"avasya-iban-wrapper\">\n        <span class=\"avasya-iban\">TR71 0006 7010 0000 0043 6250 55<\/span>\n        <button class=\"avasya-copy-btn\" onclick=\"copyIban(this, 'TR710006701000000043625055')\">\n          \ud83d\udccb Copy\n        <\/button>\n      <\/div>\n      <p class=\"avasya-bank-info\"><strong>Account name:<\/strong> AVASYA TECHNOLOGY INDUSTRY AND FOREIGN TRADE LTD.<\/p>\n    <\/div>\n  <\/div>\n  \n  <!-- \u0130\u015f Bankas\u0131 -->\n  <div class=\"avasya-bank-card\">\n    <div class=\"avasya-bank-icon\">\n      <img src=\"https:\/\/avasya.com.tr\/wp-content\/uploads\/2026\/02\/isbankasi.webp\" alt=\"\u0130\u015f Bankas\u0131\">\n    <\/div>\n    <div class=\"avasya-bank-content\">\n      <h3>Turkish \u0130\u015fbank<\/h3>\n      <p class=\"avasya-bank-branch\">R\u0131ht\u0131m Kad\u0131k\u00f6y Branch - TL Account<\/p>\n      <div class=\"avasya-iban-wrapper\">\n        <span class=\"avasya-iban\">TR40 0006 4000 0011 0254 2794 54<\/span>\n        <button class=\"avasya-copy-btn\" onclick=\"copyIban(this, 'TR400006400000110254279454')\">\n          \ud83d\udccb Copy\n        <\/button>\n      <\/div>\n      <p class=\"avasya-bank-info\"><strong>Account name:<\/strong> AVASYA TECHNOLOGY INDUSTRY AND FOREIGN TRADE LTD.<\/p>\n    <\/div>\n  <\/div>\n  \n  <!-- Garanti BBVA -->\n  <div class=\"avasya-bank-card\">\n    <div class=\"avasya-bank-icon\">\n      <img src=\"https:\/\/avasya.com.tr\/wp-content\/uploads\/2026\/02\/garanti-bbva.webp\" alt=\"Garanti BBVA\">\n    <\/div>\n    <div class=\"avasya-bank-content\">\n      <h3>Garanti BBVA<\/h3>\n      <p class=\"avasya-bank-branch\">IMES Commercial Branch - TL Account<\/p>\n      <div class=\"avasya-iban-wrapper\">\n        <span class=\"avasya-iban\">TR62 0006 2001 6160 0006 2940 03<\/span>\n        <button class=\"avasya-copy-btn\" onclick=\"copyIban(this, 'TR620006200161600006294003')\">\n          \ud83d\udccb Copy\n        <\/button>\n      <\/div>\n      <p class=\"avasya-bank-info\"><strong>Account name:<\/strong> AVASYA TECHNOLOGY INDUSTRY AND FOREIGN TRADE LTD.<\/p>\n    <\/div>\n  <\/div>\n  \n  <!-- Vak\u0131fbank -->\n  <div class=\"avasya-bank-card\">\n    <div class=\"avasya-bank-icon\">\n      <img src=\"https:\/\/avasya.com.tr\/wp-content\/uploads\/2026\/02\/vakifbankhesap.webp\" alt=\"Vak\u0131fbank\">\n    <\/div>\n    <div class=\"avasya-bank-content\">\n      <h3>Vak\u0131fbank<\/h3>\n      <p class=\"avasya-bank-branch\">Suadiye Branch - TL Account<\/p>\n      <div class=\"avasya-iban-wrapper\">\n        <span class=\"avasya-iban\">TR97 0001 5001 5800 7303 3464 46<\/span>\n        <button class=\"avasya-copy-btn\" onclick=\"copyIban(this, 'TR970001500158007303346446')\">\n          \ud83d\udccb Copy\n        <\/button>\n      <\/div>\n      <p class=\"avasya-bank-info\"><strong>Account name:<\/strong> AVASYA TECHNOLOGY INDUSTRY AND FOREIGN TRADE LTD.<\/p>\n    <\/div>\n  <\/div>\n  \n<\/div>\n\n<script>\nfunction copyIban(btn, iban) {\n  navigator.clipboard.writeText(iban).then(() => {\n    btn.innerHTML = '\u2713 Kopyaland\u0131';\n    btn.classList.add('copied');\n    setTimeout(() => {\n      btn.innerHTML = '\ud83d\udccb Kopyala';\n      btn.classList.remove('copied');\n    }, 2000);\n  });\n}\n<\/script>\t\t\t\t<\/div>\n\t\t\t\t\t<\/div>\n\t\t\t\t<\/div>\n\t\t\t\t<\/div>","protected":false},"excerpt":{"rendered":"<p>Yap\u0131 Kredi Bankas\u0131 Altunizade Ticari \u015eube &#8211; TL Hesab\u0131 TR71 0006 7010 0000 0043 6250 55 \ud83d\udccb Kopyala Hesap Ad\u0131:&#8230;<\/p>","protected":false},"author":1,"featured_media":177,"parent":171,"menu_order":0,"comment_status":"closed","ping_status":"closed","template":"page-fullwidth.php","meta":{"footnotes":""},"class_list":["post-4651","page","type-page","status-publish","has-post-thumbnail"],"_links":{"self":[{"href":"https:\/\/avasya.com.tr\/en\/wp-json\/wp\/v2\/pages\/4651","targetHints":{"allow":["GET"]}}],"collection":[{"href":"https:\/\/avasya.com.tr\/en\/wp-json\/wp\/v2\/pages"}],"about":[{"href":"https:\/\/avasya.com.tr\/en\/wp-json\/wp\/v2\/types\/page"}],"author":[{"embeddable":true,"href":"https:\/\/avasya.com.tr\/en\/wp-json\/wp\/v2\/users\/1"}],"replies":[{"embeddable":true,"href":"https:\/\/avasya.com.tr\/en\/wp-json\/wp\/v2\/comments?post=4651"}],"version-history":[{"count":7,"href":"https:\/\/avasya.com.tr\/en\/wp-json\/wp\/v2\/pages\/4651\/revisions"}],"predecessor-version":[{"id":4784,"href":"https:\/\/avasya.com.tr\/en\/wp-json\/wp\/v2\/pages\/4651\/revisions\/4784"}],"up":[{"embeddable":true,"href":"https:\/\/avasya.com.tr\/en\/wp-json\/wp\/v2\/pages\/171"}],"wp:featuredmedia":[{"embeddable":true,"href":"https:\/\/avasya.com.tr\/en\/wp-json\/wp\/v2\/media\/177"}],"wp:attachment":[{"href":"https:\/\/avasya.com.tr\/en\/wp-json\/wp\/v2\/media?parent=4651"}],"curies":[{"name":"wp","href":"https:\/\/api.w.org\/{rel}","templated":true}]}}